{"id":99,"date":"2017-11-14T20:50:15","date_gmt":"2017-11-14T19:50:15","guid":{"rendered":"https:\/\/salettl.unterberg.cc\/startseite\/"},"modified":"2025-12-17T08:00:35","modified_gmt":"2025-12-17T07:00:35","slug":"startseite","status":"publish","type":"page","link":"https:\/\/salettl.unterberg.cc\/en\/","title":{"rendered":"Startseite"},"content":{"rendered":"<div class=\"wpb-content-wrapper\"><p>[vc_row el_class=&#8221;subpage-slider&#8221;][vc_column]\n\t\t\t<!-- START Salettl REVOLUTION SLIDER 6.7.34 --><p class=\"rs-p-wp-fix\"><\/p>\n\t\t\t<rs-module-wrap id=\"rev_slider_1_1_wrapper\" data-source=\"gallery\" style=\"visibility:hidden;background:transparent;padding:0;margin:0px auto;margin-top:0;margin-bottom:0;\">\n\t\t\t\t<rs-module id=\"rev_slider_1_1\" style=\"\" data-version=\"6.7.34\">\n\t\t\t\t\t<rs-slides style=\"overflow: hidden; position: absolute;\">\n\t\t\t\t\t\t<rs-slide style=\"position: absolute;\" data-key=\"rs-1\" data-title=\"Slide\" data-anim=\"f:nodelay;\" data-in=\"o:0;sx:0;sy:0;row:5;col:5;\" data-out=\"a:false;\">\n\t\t\t\t\t\t\t<img decoding=\"async\" src=\"\/\/salettl.unterberg.cc\/wp-content\/plugins\/revslider\/sr6\/assets\/assets\/dummy.png\" alt=\"Apr\u00e8s-Ski Bar in Radstadt, Unterberg Salettl\" title=\"Apr\u00e8s-Ski Bar in Radstadt, Unterberg Salettl\" width=\"1300\" height=\"775\" class=\"rev-slidebg tp-rs-img rs-lazyload\" data-lazyload=\"\/\/salettl.unterberg.cc\/wp-content\/uploads\/sites\/3\/2024\/12\/apres-ski-schirmbar-radstadt-unterberg-salettl-8.jpg\" data-no-retina>\n<!---->\t\t\t\t\t<\/rs-slide>\n\t\t\t\t\t\t<rs-slide style=\"position: absolute;\" data-key=\"rs-4\" data-title=\"Slide\" data-anim=\"f:nodelay;\" data-in=\"o:0;sx:0;sy:0;row:5;col:5;\" data-out=\"a:false;\">\n\t\t\t\t\t\t\t<img decoding=\"async\" src=\"\/\/salettl.unterberg.cc\/wp-content\/plugins\/revslider\/sr6\/assets\/assets\/dummy.png\" alt=\"\" title=\"Startseite\" class=\"rev-slidebg tp-rs-img rs-lazyload\" data-lazyload=\"\/\/salettl.unterberg.cc\/wp-content\/uploads\/sites\/3\/2017\/11\/apres-ski-schirmbar-radstadt-unterberg-salettl-2.jpg\" data-no-retina>\n<!---->\t\t\t\t\t<\/rs-slide>\n\t\t\t\t\t\t<rs-slide style=\"position: absolute;\" data-key=\"rs-7\" data-title=\"Slide\" data-anim=\"f:nodelay;\" data-in=\"o:0;sx:0;sy:0;row:5;col:5;\" data-out=\"a:false;\">\n\t\t\t\t\t\t\t<img decoding=\"async\" src=\"\/\/salettl.unterberg.cc\/wp-content\/plugins\/revslider\/sr6\/assets\/assets\/dummy.png\" alt=\"\" title=\"Startseite\" class=\"rev-slidebg tp-rs-img rs-lazyload\" data-lazyload=\"\/\/salettl.unterberg.cc\/wp-content\/uploads\/sites\/3\/2019\/07\/apres-ski-schirmbar-radstadt-unterberg-salettl-6.jpg\" data-no-retina>\n<!---->\t\t\t\t\t<\/rs-slide>\n\t\t\t\t\t\t<rs-slide style=\"position: absolute;\" data-key=\"rs-5\" data-title=\"Slide\" data-anim=\"f:nodelay;\" data-in=\"o:0;sx:0;sy:0;row:5;col:5;\" data-out=\"a:false;\">\n\t\t\t\t\t\t\t<img decoding=\"async\" src=\"\/\/salettl.unterberg.cc\/wp-content\/plugins\/revslider\/sr6\/assets\/assets\/dummy.png\" alt=\"Apr\u00e8s-Ski Bar in Radstadt, Unterberg Salettl\" title=\"Apr\u00e8s-Ski Bar in Radstadt, Unterberg Salettl\" width=\"1300\" height=\"775\" class=\"rev-slidebg tp-rs-img rs-lazyload\" data-lazyload=\"\/\/salettl.unterberg.cc\/wp-content\/uploads\/sites\/3\/2024\/12\/apres-ski-schirmbar-radstadt-unterberg-salettl-9.jpg\" data-no-retina>\n<!---->\t\t\t\t\t<\/rs-slide>\n\t\t\t\t\t\t<rs-slide style=\"position: absolute;\" data-key=\"rs-6\" data-title=\"Slide\" data-anim=\"f:nodelay;\" data-in=\"o:0;sx:0;sy:0;row:5;col:5;\" data-out=\"a:false;\">\n\t\t\t\t\t\t\t<img decoding=\"async\" src=\"\/\/salettl.unterberg.cc\/wp-content\/plugins\/revslider\/sr6\/assets\/assets\/dummy.png\" alt=\"\" title=\"Startseite\" class=\"rev-slidebg tp-rs-img rs-lazyload\" data-lazyload=\"\/\/salettl.unterberg.cc\/wp-content\/uploads\/sites\/3\/2019\/07\/apres-ski-schirmbar-radstadt-unterberg-salettl-7.jpg\" data-no-retina>\n<!---->\t\t\t\t\t<\/rs-slide>\n\t\t\t\t\t<\/rs-slides>\n\t\t\t\t<\/rs-module>\n\t\t\t\t<script>\n\t\t\t\t\tsetREVStartSize({c: 'rev_slider_1_1',rl:[1240,1024,778,480],el:[868],gw:[1240],gh:[868],type:'standard',justify:'',layout:'fullwidth',mh:\"0\"});if (window.RS_MODULES!==undefined && window.RS_MODULES.modules!==undefined && window.RS_MODULES.modules[\"revslider11\"]!==undefined) {window.RS_MODULES.modules[\"revslider11\"].once = false;window.revapi1 = undefined;if (window.RS_MODULES.checkMinimal!==undefined) window.RS_MODULES.checkMinimal()}\n\t\t\t\t<\/script>\n\t\t\t<\/rs-module-wrap>\n\t\t\t<!-- END REVOLUTION SLIDER -->\n[\/vc_column][\/vc_row][vc_row][vc_column width=&#8221;5\/12&#8243;][vc_column_text]<\/p>\n<h1>Apr\u00e8s ski bar in Radstadt.<\/h1>\n<h2>Umbrella bar at the K\u00f6nigslehen lift valley station<\/h2>\n<p>[\/vc_column_text][\/vc_column][vc_column width=&#8221;7\/12&#8243;][vc_column_text css=&#8221;&#8221;]Round off your day&#8217;s skiing in our<strong> apr\u00e8s ski<\/strong>: here we serve <strong>hot &amp; cold drinks, tasty snacks <\/strong>and play good music.<strong> <\/strong>The great atmosphere in the umbrella bar is perfect for partying and meeting friendly people. The <strong>Unterberg Salettl<\/strong> is situated opposite the <strong>K\u00f6nigslehen lift valley station<\/strong>, at the foot of the <strong>Radstadt<\/strong> ski area in the Ski amad\u00e9.[\/vc_column_text][\/vc_column][\/vc_row][vc_row el_class=&#8221;hintergrund&#8221;][vc_column][vc_column_text]<\/p>\n<h3>Opening times of the apr\u00e8s ski bar in Radstadt<\/h3>\n<p>[\/vc_column_text][vc_column_text]<\/p>\n<ul>\n<li>daily from 9.00 am<\/li>\n<li>no closing day<\/li>\n<\/ul>\n<p>[\/vc_column_text][\/vc_column][\/vc_row][vc_row][vc_column width=&#8221;1\/3&#8243;][vc_single_image image=&#8221;90&#8243; img_size=&#8221;klein&#8221; onclick=&#8221;link_image&#8221;][\/vc_column][vc_column width=&#8221;1\/3&#8243;][vc_single_image image=&#8221;139&#8243; img_size=&#8221;klein&#8221; onclick=&#8221;link_image&#8221;][\/vc_column][vc_column width=&#8221;1\/3&#8243;][vc_single_image image=&#8221;98&#8243; img_size=&#8221;klein&#8221; onclick=&#8221;link_image&#8221;][\/vc_column][\/vc_row]<\/p>\n<\/div>","protected":false},"excerpt":{"rendered":"<p>[vc_row el_class=&#8221;subpage-slider&#8221;][vc_column][\/vc_column][\/vc_row][vc_row][vc_column width=&#8221;5\/12&#8243;][vc_column_text] Apr\u00e8s ski bar in Radstadt. Umbrella bar at the K\u00f6nigslehen lift valley station [\/vc_column_text][\/vc_column][vc_column width=&#8221;7\/12&#8243;][vc_column_text css=&#8221;&#8221;]Round off your day&#8217;s skiing in our apr\u00e8s ski: here we serve hot &amp; cold drinks, tasty snacks and play good music. The great atmosphere in the umbrella bar is perfect for partying and meeting friendly people. &hellip;<\/p>\n\n<p><a class=\"readmore btn btn-default btn-default btn-block\" href=\"https:\/\/salettl.unterberg.cc\/en\/\">Read More<\/a><\/p>","protected":false},"author":3,"featured_media":0,"parent":0,"menu_order":0,"comment_status":"closed","ping_status":"closed","template":"","meta":{"_acf_changed":false,"inline_featured_image":false,"footnotes":""},"class_list":["post-99","page","type-page","status-publish","hentry"],"acf":[],"yoast_head":"<!-- This site is optimized with the Yoast SEO plugin v26.8 - https:\/\/yoast.com\/product\/yoast-seo-wordpress\/ -->\n<title>Apr\u00e8s ski in Radstadt, umbrella bar - K\u00f6nigslehen lift valley station, Ski amad\u00e9<\/title>\n<meta name=\"description\" content=\"Hot &amp; cold drinks, tasty snacks &amp; great music await guests at apr\u00e8s ski in Radstadt, umbrella bar Unterberg Salettl at the K\u00f6nigslehen lift valley station.\" \/>\n<meta name=\"robots\" content=\"index, follow, max-snippet:-1, max-image-preview:large, max-video-preview:-1\" \/>\n<link rel=\"canonical\" href=\"https:\/\/salettl.unterberg.cc\/en\/\" \/>\n<meta property=\"og:locale\" content=\"en_US\" \/>\n<meta property=\"og:type\" content=\"article\" \/>\n<meta property=\"og:title\" content=\"Apr\u00e8s ski in Radstadt, umbrella bar - K\u00f6nigslehen lift valley station, Ski amad\u00e9\" \/>\n<meta property=\"og:description\" content=\"Hot &amp; cold drinks, tasty snacks &amp; great music await guests at apr\u00e8s ski in Radstadt, umbrella bar Unterberg Salettl at the K\u00f6nigslehen lift valley station.\" \/>\n<meta property=\"og:url\" content=\"https:\/\/salettl.unterberg.cc\/en\/\" \/>\n<meta property=\"og:site_name\" content=\"Salettl Radstadt\" \/>\n<meta property=\"article:modified_time\" content=\"2025-12-17T07:00:35+00:00\" \/>\n<meta name=\"twitter:card\" content=\"summary_large_image\" \/>\n<meta name=\"twitter:label1\" content=\"Est. reading time\" \/>\n\t<meta name=\"twitter:data1\" content=\"2 minutes\" \/>\n<script type=\"application\/ld+json\" class=\"yoast-schema-graph\">{\"@context\":\"https:\/\/schema.org\",\"@graph\":[{\"@type\":\"WebPage\",\"@id\":\"https:\/\/salettl.unterberg.cc\/en\/\",\"url\":\"https:\/\/salettl.unterberg.cc\/en\/\",\"name\":\"Apr\u00e8s ski in Radstadt, umbrella bar - K\u00f6nigslehen lift valley station, Ski amad\u00e9\",\"isPartOf\":{\"@id\":\"https:\/\/salettl.unterberg.cc\/#website\"},\"datePublished\":\"2017-11-14T19:50:15+00:00\",\"dateModified\":\"2025-12-17T07:00:35+00:00\",\"description\":\"Hot & cold drinks, tasty snacks & great music await guests at apr\u00e8s ski in Radstadt, umbrella bar Unterberg Salettl at the K\u00f6nigslehen lift valley station.\",\"breadcrumb\":{\"@id\":\"https:\/\/salettl.unterberg.cc\/en\/#breadcrumb\"},\"inLanguage\":\"en-US\",\"potentialAction\":[{\"@type\":\"ReadAction\",\"target\":[\"https:\/\/salettl.unterberg.cc\/en\/\"]}]},{\"@type\":\"BreadcrumbList\",\"@id\":\"https:\/\/salettl.unterberg.cc\/en\/#breadcrumb\",\"itemListElement\":[{\"@type\":\"ListItem\",\"position\":1,\"name\":\"Home\",\"item\":\"https:\/\/salettl.unterberg.cc\/en\/\"},{\"@type\":\"ListItem\",\"position\":2,\"name\":\"Startseite\"}]},{\"@type\":\"WebSite\",\"@id\":\"https:\/\/salettl.unterberg.cc\/#website\",\"url\":\"https:\/\/salettl.unterberg.cc\/\",\"name\":\"Salettl Radstadt\",\"description\":\"Eine weitere unterberg.cc Websites Website\",\"potentialAction\":[{\"@type\":\"SearchAction\",\"target\":{\"@type\":\"EntryPoint\",\"urlTemplate\":\"https:\/\/salettl.unterberg.cc\/?s={search_term_string}\"},\"query-input\":{\"@type\":\"PropertyValueSpecification\",\"valueRequired\":true,\"valueName\":\"search_term_string\"}}],\"inLanguage\":\"en-US\"}]}<\/script>\n<!-- \/ Yoast SEO plugin. -->","yoast_head_json":{"title":"Apr\u00e8s ski in Radstadt, umbrella bar - K\u00f6nigslehen lift valley station, Ski amad\u00e9","description":"Hot & cold drinks, tasty snacks & great music await guests at apr\u00e8s ski in Radstadt, umbrella bar Unterberg Salettl at the K\u00f6nigslehen lift valley station.","robots":{"index":"index","follow":"follow","max-snippet":"max-snippet:-1","max-image-preview":"max-image-preview:large","max-video-preview":"max-video-preview:-1"},"canonical":"https:\/\/salettl.unterberg.cc\/en\/","og_locale":"en_US","og_type":"article","og_title":"Apr\u00e8s ski in Radstadt, umbrella bar - K\u00f6nigslehen lift valley station, Ski amad\u00e9","og_description":"Hot & cold drinks, tasty snacks & great music await guests at apr\u00e8s ski in Radstadt, umbrella bar Unterberg Salettl at the K\u00f6nigslehen lift valley station.","og_url":"https:\/\/salettl.unterberg.cc\/en\/","og_site_name":"Salettl Radstadt","article_modified_time":"2025-12-17T07:00:35+00:00","twitter_card":"summary_large_image","twitter_misc":{"Est. reading time":"2 minutes"},"schema":{"@context":"https:\/\/schema.org","@graph":[{"@type":"WebPage","@id":"https:\/\/salettl.unterberg.cc\/en\/","url":"https:\/\/salettl.unterberg.cc\/en\/","name":"Apr\u00e8s ski in Radstadt, umbrella bar - K\u00f6nigslehen lift valley station, Ski amad\u00e9","isPartOf":{"@id":"https:\/\/salettl.unterberg.cc\/#website"},"datePublished":"2017-11-14T19:50:15+00:00","dateModified":"2025-12-17T07:00:35+00:00","description":"Hot & cold drinks, tasty snacks & great music await guests at apr\u00e8s ski in Radstadt, umbrella bar Unterberg Salettl at the K\u00f6nigslehen lift valley station.","breadcrumb":{"@id":"https:\/\/salettl.unterberg.cc\/en\/#breadcrumb"},"inLanguage":"en-US","potentialAction":[{"@type":"ReadAction","target":["https:\/\/salettl.unterberg.cc\/en\/"]}]},{"@type":"BreadcrumbList","@id":"https:\/\/salettl.unterberg.cc\/en\/#breadcrumb","itemListElement":[{"@type":"ListItem","position":1,"name":"Home","item":"https:\/\/salettl.unterberg.cc\/en\/"},{"@type":"ListItem","position":2,"name":"Startseite"}]},{"@type":"WebSite","@id":"https:\/\/salettl.unterberg.cc\/#website","url":"https:\/\/salettl.unterberg.cc\/","name":"Salettl Radstadt","description":"Eine weitere unterberg.cc Websites Website","potentialAction":[{"@type":"SearchAction","target":{"@type":"EntryPoint","urlTemplate":"https:\/\/salettl.unterberg.cc\/?s={search_term_string}"},"query-input":{"@type":"PropertyValueSpecification","valueRequired":true,"valueName":"search_term_string"}}],"inLanguage":"en-US"}]}},"_links":{"self":[{"href":"https:\/\/salettl.unterberg.cc\/en\/wp-json\/wp\/v2\/pages\/99","targetHints":{"allow":["GET"]}}],"collection":[{"href":"https:\/\/salettl.unterberg.cc\/en\/wp-json\/wp\/v2\/pages"}],"about":[{"href":"https:\/\/salettl.unterberg.cc\/en\/wp-json\/wp\/v2\/types\/page"}],"author":[{"embeddable":true,"href":"https:\/\/salettl.unterberg.cc\/en\/wp-json\/wp\/v2\/users\/3"}],"replies":[{"embeddable":true,"href":"https:\/\/salettl.unterberg.cc\/en\/wp-json\/wp\/v2\/comments?post=99"}],"version-history":[{"count":9,"href":"https:\/\/salettl.unterberg.cc\/en\/wp-json\/wp\/v2\/pages\/99\/revisions"}],"predecessor-version":[{"id":157,"href":"https:\/\/salettl.unterberg.cc\/en\/wp-json\/wp\/v2\/pages\/99\/revisions\/157"}],"wp:attachment":[{"href":"https:\/\/salettl.unterberg.cc\/en\/wp-json\/wp\/v2\/media?parent=99"}],"curies":[{"name":"wp","href":"https:\/\/api.w.org\/{rel}","templated":true}]}}